{"id":975,"date":"2018-07-12T09:12:13","date_gmt":"2018-07-12T07:12:13","guid":{"rendered":"https:\/\/hammeskrause.de\/?page_id=975"},"modified":"2025-02-05T08:17:35","modified_gmt":"2025-02-05T07:17:35","slug":"imprint","status":"publish","type":"page","link":"https:\/\/hammeskrause.de\/en\/imprint\/","title":{"rendered":"Imprint"},"content":{"rendered":"<p>hammeskrause <strong>architekten<\/strong><br \/>\nPartnerschaftsgesellschaft freier Architekten mbB<br \/>\nKrefelder Stra\u00dfe 32, 70376 Stuttgart<br \/>\n<a href=\"tel:00497116017480\">+49 (0)711 6017480\u00a0<\/a><br \/>\n<a href=\"mailto:info@hammeskrause.de\">info@hammeskrause.de<\/a><\/p>\n<p>&nbsp;<\/p>\n<p>The partnership is registered in the partnership register at Stuttgart Local Court under PR46. Office owners: Dipl.-Ing. Dana Bilek, Dipl.-Ing. Tobias D\u00f6ring, M.Sc. Joep Kuijs<\/p>\n<p>Sales tax identification number: DE147505143<\/p>\n<p>Dana Bilek and Tobias D\u00f6ring are members of the Baden-W\u00fcrttemberg Chamber of Architects, Danneckerstra\u00dfe 54, 70182 Stuttgart. They are registered in the list of architects under the following numbers and are therefore authorized to use the title \u201carchitect\u201d: Architect Dipl.-Ing. Dana Bilek, AL 149481, Architect Dipl.-Ing. Tobias D\u00f6ring, AL 134960. Joep Kuijs is registered as an architect in the register of architects of the Netherlands under the number 1.120501.014.<\/p>\n<p><strong>Disclaimer and copyright<\/strong><\/p>\n<p>Despite careful control of the content, hammeskrause architekten accepts no liability for the content of external links. The operators of externally linked sites are solely responsible for their content. All photos, drawings, texts etc. on this homepage are protected by copyright. The copyright lies with hammeskrause architekten. Any use of content requires the written consent of the copyright holder. Unauthorized reproduction, especially for commercial purposes, will result in claims for damages.<\/p>\n<p>&nbsp;<\/p>\n<p>Design, realization and support:<br \/>\nMoniteurs GmbH Kommunikationsdesign<br \/>\nwww.moniteurs.de<br \/>\n+49 (0)30 2434560<\/p>\n<p>Programming:<br \/>\nBLITZEN GmbH &amp; Co. KG<br \/>\nwww.blitzen.de<br \/>\n+49 (0)30 747411000<\/p>\n","protected":false},"excerpt":{"rendered":"<p>hammeskrause architekten Partnerschaftsgesellschaft freier Architekten mbB Krefelder Stra\u00dfe 32, 70376 Stuttgart +49 (0)711 6017480\u00a0 info@hammeskrause.de &nbsp; The partnership is registered &#8230;<\/p>\n","protected":false},"author":6,"featured_media":124480,"parent":0,"menu_order":100,"comment_status":"closed","ping_status":"closed","template":"","meta":{"_acf_changed":false,"footnotes":""},"class_list":["post-975","page","type-page","status-publish","has-post-thumbnail","hentry"],"acf":[],"yoast_head":"<!-- This site is optimized with the Yoast SEO plugin v27.3 - https:\/\/yoast.com\/product\/yoast-seo-wordpress\/ -->\n<title>Imprint &#8211; hammeskrause architekten<\/title>\n<meta name=\"robots\" content=\"index, follow, max-snippet:-1, max-image-preview:large, max-video-preview:-1\" \/>\n<link rel=\"canonical\" href=\"https:\/\/hammeskrause.de\/en\/imprint\/\" \/>\n<meta property=\"og:locale\" content=\"en_US\" \/>\n<meta property=\"og:type\" content=\"article\" \/>\n<meta property=\"og:title\" content=\"Imprint &#8211; hammeskrause architekten\" \/>\n<meta property=\"og:description\" content=\"hammeskrause architekten Partnerschaftsgesellschaft freier Architekten mbB Krefelder Stra\u00dfe 32, 70376 Stuttgart +49 (0)711 6017480\u00a0 info@hammeskrause.de &nbsp; The partnership is registered ...\" \/>\n<meta property=\"og:url\" content=\"https:\/\/hammeskrause.de\/en\/imprint\/\" \/>\n<meta property=\"og:site_name\" content=\"hammeskrause architekten\" \/>\n<meta property=\"article:modified_time\" content=\"2025-02-05T07:17:35+00:00\" \/>\n<meta property=\"og:image\" content=\"https:\/\/hammeskrause.de\/wp-content\/uploads\/2019\/05\/hka-logo.png\" \/>\n\t<meta property=\"og:image:width\" content=\"300\" \/>\n\t<meta property=\"og:image:height\" content=\"60\" \/>\n\t<meta property=\"og:image:type\" content=\"image\/png\" \/>\n<meta name=\"twitter:card\" content=\"summary_large_image\" \/>\n<meta name=\"twitter:label1\" content=\"Est. reading time\" \/>\n\t<meta name=\"twitter:data1\" content=\"2 minutes\" \/>\n<script type=\"application\/ld+json\" class=\"yoast-schema-graph\">{\"@context\":\"https:\\\/\\\/schema.org\",\"@graph\":[{\"@type\":\"WebPage\",\"@id\":\"https:\\\/\\\/hammeskrause.de\\\/en\\\/imprint\\\/\",\"url\":\"https:\\\/\\\/hammeskrause.de\\\/en\\\/imprint\\\/\",\"name\":\"Imprint &#8211; hammeskrause architekten\",\"isPartOf\":{\"@id\":\"https:\\\/\\\/hammeskrause.de\\\/#website\"},\"primaryImageOfPage\":{\"@id\":\"https:\\\/\\\/hammeskrause.de\\\/en\\\/imprint\\\/#primaryimage\"},\"image\":{\"@id\":\"https:\\\/\\\/hammeskrause.de\\\/en\\\/imprint\\\/#primaryimage\"},\"thumbnailUrl\":\"https:\\\/\\\/hammeskrause.de\\\/wp-content\\\/uploads\\\/2025\\\/08\\\/hintergrund-impressum-scaled.jpg\",\"datePublished\":\"2018-07-12T07:12:13+00:00\",\"dateModified\":\"2025-02-05T07:17:35+00:00\",\"breadcrumb\":{\"@id\":\"https:\\\/\\\/hammeskrause.de\\\/en\\\/imprint\\\/#breadcrumb\"},\"inLanguage\":\"en-US\",\"potentialAction\":[{\"@type\":\"ReadAction\",\"target\":[\"https:\\\/\\\/hammeskrause.de\\\/en\\\/imprint\\\/\"]}]},{\"@type\":\"ImageObject\",\"inLanguage\":\"en-US\",\"@id\":\"https:\\\/\\\/hammeskrause.de\\\/en\\\/imprint\\\/#primaryimage\",\"url\":\"https:\\\/\\\/hammeskrause.de\\\/wp-content\\\/uploads\\\/2025\\\/08\\\/hintergrund-impressum-scaled.jpg\",\"contentUrl\":\"https:\\\/\\\/hammeskrause.de\\\/wp-content\\\/uploads\\\/2025\\\/08\\\/hintergrund-impressum-scaled.jpg\",\"width\":2560,\"height\":1476},{\"@type\":\"BreadcrumbList\",\"@id\":\"https:\\\/\\\/hammeskrause.de\\\/en\\\/imprint\\\/#breadcrumb\",\"itemListElement\":[{\"@type\":\"ListItem\",\"position\":1,\"name\":\"Startseite\",\"item\":\"https:\\\/\\\/hammeskrause.de\\\/en\\\/\"},{\"@type\":\"ListItem\",\"position\":2,\"name\":\"Imprint\"}]},{\"@type\":\"WebSite\",\"@id\":\"https:\\\/\\\/hammeskrause.de\\\/#website\",\"url\":\"https:\\\/\\\/hammeskrause.de\\\/\",\"name\":\"hammeskrause architekten\",\"description\":\"hammeskrause architekten\",\"publisher\":{\"@id\":\"https:\\\/\\\/hammeskrause.de\\\/#organization\"},\"potentialAction\":[{\"@type\":\"SearchAction\",\"target\":{\"@type\":\"EntryPoint\",\"urlTemplate\":\"https:\\\/\\\/hammeskrause.de\\\/?s={search_term_string}\"},\"query-input\":{\"@type\":\"PropertyValueSpecification\",\"valueRequired\":true,\"valueName\":\"search_term_string\"}}],\"inLanguage\":\"en-US\"},{\"@type\":\"Organization\",\"@id\":\"https:\\\/\\\/hammeskrause.de\\\/#organization\",\"name\":\"hammeskrause Architekten\",\"url\":\"https:\\\/\\\/hammeskrause.de\\\/\",\"logo\":{\"@type\":\"ImageObject\",\"inLanguage\":\"en-US\",\"@id\":\"https:\\\/\\\/hammeskrause.de\\\/#\\\/schema\\\/logo\\\/image\\\/\",\"url\":\"https:\\\/\\\/hammeskrause.de\\\/wp-content\\\/uploads\\\/2026\\\/01\\\/hka-logo-dark.png\",\"contentUrl\":\"https:\\\/\\\/hammeskrause.de\\\/wp-content\\\/uploads\\\/2026\\\/01\\\/hka-logo-dark.png\",\"width\":523,\"height\":44,\"caption\":\"hammeskrause Architekten\"},\"image\":{\"@id\":\"https:\\\/\\\/hammeskrause.de\\\/#\\\/schema\\\/logo\\\/image\\\/\"}}]}<\/script>\n<!-- \/ Yoast SEO plugin. -->","yoast_head_json":{"title":"Imprint &#8211; hammeskrause architekten","robots":{"index":"index","follow":"follow","max-snippet":"max-snippet:-1","max-image-preview":"max-image-preview:large","max-video-preview":"max-video-preview:-1"},"canonical":"https:\/\/hammeskrause.de\/en\/imprint\/","og_locale":"en_US","og_type":"article","og_title":"Imprint &#8211; hammeskrause architekten","og_description":"hammeskrause architekten Partnerschaftsgesellschaft freier Architekten mbB Krefelder Stra\u00dfe 32, 70376 Stuttgart +49 (0)711 6017480\u00a0 info@hammeskrause.de &nbsp; The partnership is registered ...","og_url":"https:\/\/hammeskrause.de\/en\/imprint\/","og_site_name":"hammeskrause architekten","article_modified_time":"2025-02-05T07:17:35+00:00","og_image":[{"width":300,"height":60,"url":"https:\/\/hammeskrause.de\/wp-content\/uploads\/2019\/05\/hka-logo.png","type":"image\/png"}],"twitter_card":"summary_large_image","twitter_misc":{"Est. reading time":"2 minutes"},"schema":{"@context":"https:\/\/schema.org","@graph":[{"@type":"WebPage","@id":"https:\/\/hammeskrause.de\/en\/imprint\/","url":"https:\/\/hammeskrause.de\/en\/imprint\/","name":"Imprint &#8211; hammeskrause architekten","isPartOf":{"@id":"https:\/\/hammeskrause.de\/#website"},"primaryImageOfPage":{"@id":"https:\/\/hammeskrause.de\/en\/imprint\/#primaryimage"},"image":{"@id":"https:\/\/hammeskrause.de\/en\/imprint\/#primaryimage"},"thumbnailUrl":"https:\/\/hammeskrause.de\/wp-content\/uploads\/2025\/08\/hintergrund-impressum-scaled.jpg","datePublished":"2018-07-12T07:12:13+00:00","dateModified":"2025-02-05T07:17:35+00:00","breadcrumb":{"@id":"https:\/\/hammeskrause.de\/en\/imprint\/#breadcrumb"},"inLanguage":"en-US","potentialAction":[{"@type":"ReadAction","target":["https:\/\/hammeskrause.de\/en\/imprint\/"]}]},{"@type":"ImageObject","inLanguage":"en-US","@id":"https:\/\/hammeskrause.de\/en\/imprint\/#primaryimage","url":"https:\/\/hammeskrause.de\/wp-content\/uploads\/2025\/08\/hintergrund-impressum-scaled.jpg","contentUrl":"https:\/\/hammeskrause.de\/wp-content\/uploads\/2025\/08\/hintergrund-impressum-scaled.jpg","width":2560,"height":1476},{"@type":"BreadcrumbList","@id":"https:\/\/hammeskrause.de\/en\/imprint\/#breadcrumb","itemListElement":[{"@type":"ListItem","position":1,"name":"Startseite","item":"https:\/\/hammeskrause.de\/en\/"},{"@type":"ListItem","position":2,"name":"Imprint"}]},{"@type":"WebSite","@id":"https:\/\/hammeskrause.de\/#website","url":"https:\/\/hammeskrause.de\/","name":"hammeskrause architekten","description":"hammeskrause architekten","publisher":{"@id":"https:\/\/hammeskrause.de\/#organization"},"potentialAction":[{"@type":"SearchAction","target":{"@type":"EntryPoint","urlTemplate":"https:\/\/hammeskrause.de\/?s={search_term_string}"},"query-input":{"@type":"PropertyValueSpecification","valueRequired":true,"valueName":"search_term_string"}}],"inLanguage":"en-US"},{"@type":"Organization","@id":"https:\/\/hammeskrause.de\/#organization","name":"hammeskrause Architekten","url":"https:\/\/hammeskrause.de\/","logo":{"@type":"ImageObject","inLanguage":"en-US","@id":"https:\/\/hammeskrause.de\/#\/schema\/logo\/image\/","url":"https:\/\/hammeskrause.de\/wp-content\/uploads\/2026\/01\/hka-logo-dark.png","contentUrl":"https:\/\/hammeskrause.de\/wp-content\/uploads\/2026\/01\/hka-logo-dark.png","width":523,"height":44,"caption":"hammeskrause Architekten"},"image":{"@id":"https:\/\/hammeskrause.de\/#\/schema\/logo\/image\/"}}]}},"_links":{"self":[{"href":"https:\/\/hammeskrause.de\/en\/wp-json\/wp\/v2\/pages\/975","targetHints":{"allow":["GET"]}}],"collection":[{"href":"https:\/\/hammeskrause.de\/en\/wp-json\/wp\/v2\/pages"}],"about":[{"href":"https:\/\/hammeskrause.de\/en\/wp-json\/wp\/v2\/types\/page"}],"author":[{"embeddable":true,"href":"https:\/\/hammeskrause.de\/en\/wp-json\/wp\/v2\/users\/6"}],"replies":[{"embeddable":true,"href":"https:\/\/hammeskrause.de\/en\/wp-json\/wp\/v2\/comments?post=975"}],"version-history":[{"count":1,"href":"https:\/\/hammeskrause.de\/en\/wp-json\/wp\/v2\/pages\/975\/revisions"}],"predecessor-version":[{"id":123827,"href":"https:\/\/hammeskrause.de\/en\/wp-json\/wp\/v2\/pages\/975\/revisions\/123827"}],"wp:featuredmedia":[{"embeddable":true,"href":"https:\/\/hammeskrause.de\/en\/wp-json\/wp\/v2\/media\/124480"}],"wp:attachment":[{"href":"https:\/\/hammeskrause.de\/en\/wp-json\/wp\/v2\/media?parent=975"}],"curies":[{"name":"wp","href":"https:\/\/api.w.org\/{rel}","templated":true}]}}